{"id":65735,"date":"2020-03-16T23:58:15","date_gmt":"2020-03-16T20:58:15","guid":{"rendered":"http:\/\/kentyasam.com.tr\/wp\/?p=65735"},"modified":"2020-06-30T17:55:29","modified_gmt":"2020-06-30T14:55:29","slug":"kemali-bulent-edali","status":"publish","type":"page","link":"https:\/\/kentyasam.com.tr\/wp\/yazarlarimiz\/kemali-bulent-edali\/","title":{"rendered":"Kemali B\u00fclent Edal\u0131"},"content":{"rendered":"\n<p>Y\u0131l 1961, 22 Aral\u0131k, g\u00fcnlerden Cuma&#8230; Saat sabah\u0131n be\u015fini biraz ge\u00e7iyordu. Sabah ezan\u0131 yeni bitmi\u015fti ki, kar\u015f\u0131daki kap\u0131dan bir hem\u015fire \u00e7\u0131k\u0131p kap\u0131n\u0131n kar\u015f\u0131s\u0131nda saatlerdir oturan adama bakarak, &#8220;Necmettin Bey, g\u00f6z\u00fcn\u00fcz ayd\u0131n. Nur topu gibi bir o\u011flunuz oldu. E\u015finiz de, o\u011flunuz da \u00e7ok sa\u011fl\u0131kl\u0131. Birazdan g\u00f6rebilirsiniz&#8221; dedi. O gece, \u00c7orlu Asker Hastanesi&#8217;nde sadece y\u0131l\u0131n de\u011fil, gen\u00e7 astsubay\u0131n da en uzun gecesiydi. Sevin\u00e7ten nerede ise a\u011flayacakt\u0131&#8230;<\/p>\n\n\n\n<p>Kars, Adapazar\u0131\/Hendek, \u0130zmir&nbsp;<br>\u0130lk, orta okul ve lise tahsili \u0130zmir.<br>1978 Hava Harp Okulu, istanbul<br>1982 yine \u0130zmir, te\u011fmen, U\u00e7u\u015f Okulu<br>1984 Konya, F-100, At\u0131\u015f Okulu<br>1985, Malatya, \u00fcste\u011fmen, F-4E, \u00f6nleme pilotu<br>1990, yine \u0130zmir, U\u00e7u\u015f Okulu, T-37 de \u00f6\u011fretmen pilot<br>1991, Y\u00fczba\u015f\u0131, \u0130ngilizce \u00f6\u011fretmeni Filiz \u0130le evlilik<br>1997, Binba\u015f\u0131, Pilot Aday Filo Komutan\u0131, k\u0131zlar\u0131 \u0130layda d\u00f6rt ya\u015f\u0131nda, lojman\u0131n bah\u00e7esinde kedilerle oynuyor<br>1999, Ankara, Hava Kuvvetleri Karargah\u0131,&nbsp;<br>2000, Akhisar, Hava Meydan ve Garnizon Komutan\u0131<br>2005, albayl\u0131\u011f\u0131na iki ay kala, \u0130stanbul, protokol \u0130le T\u00fcrk Hava Yollar\u0131&#8217;na ge\u00e7i\u015f<br>2009, Kaptan Pilot, Boeing 737<br>2011-2013 T\u00fcrkiye Hava Yolu Pilotlar\u0131 Vakf\u0131 Y\u00f6netim Kurulu Ba\u015fkan\u0131<br>2013, Fenerbah\u00e7e Spor Kul\u00fcb\u00fc Kongre \u00dcyesi<br>2017, yeniden T\u00fcrkiye Hava Yolu Pilotlar\u0131 Vakf\u0131 Y\u00f6netim Kurulu Ba\u015fkan\u0131<\/p>\n\n\n\n<p>Hobileri;&nbsp;<br>Hobisinden para kazanan, kazand\u0131\u011f\u0131 paray\u0131 hobilerine harcayan mutlu insanlardan&#8230;<br>K\u0131z\u0131n\u0131n e\u011fitimi, gezmek, havac\u0131l\u0131k \u0130le ilgili bilgi, belge, obje biriktirmek. Ayn\u0131 \u015fekilde \u0130zmir Saat Kulesi<\/p>\n\n\n\n<p>Amac\u0131; kitaplar yazmak, sergiler a\u00e7mak&#8230;\u00a0<\/p>\n\n\n\n<p>[catlist id=133 pagination=no]<\/p>\n<h3>Related Images:<\/h3>","protected":false},"excerpt":{"rendered":"<div class=\"mh-excerpt\"><p>Bulutlarla Dans<\/p>\n<\/div>","protected":false},"author":1,"featured_media":66848,"parent":343,"menu_order":16,"comment_status":"closed","ping_status":"closed","template":"","meta":{"ngg_post_thumbnail":0,"footnotes":""},"_links":{"self":[{"href":"https:\/\/kentyasam.com.tr\/wp\/wp-json\/wp\/v2\/pages\/65735"}],"collection":[{"href":"https:\/\/kentyasam.com.tr\/wp\/wp-json\/wp\/v2\/pages"}],"about":[{"href":"https:\/\/kentyasam.com.tr\/wp\/wp-json\/wp\/v2\/types\/page"}],"author":[{"embeddable":true,"href":"https:\/\/kentyasam.com.tr\/wp\/wp-json\/wp\/v2\/users\/1"}],"replies":[{"embeddable":true,"href":"https:\/\/kentyasam.com.tr\/wp\/wp-json\/wp\/v2\/comments?post=65735"}],"version-history":[{"count":0,"href":"https:\/\/kentyasam.com.tr\/wp\/wp-json\/wp\/v2\/pages\/65735\/revisions"}],"up":[{"embeddable":true,"href":"https:\/\/kentyasam.com.tr\/wp\/wp-json\/wp\/v2\/pages\/343"}],"wp:featuredmedia":[{"embeddable":true,"href":"https:\/\/kentyasam.com.tr\/wp\/wp-json\/wp\/v2\/media\/66848"}],"wp:attachment":[{"href":"https:\/\/kentyasam.com.tr\/wp\/wp-json\/wp\/v2\/media?parent=65735"}],"curies":[{"name":"wp","href":"https:\/\/api.w.org\/{rel}","templated":true}]}}