{"id":65708,"date":"2020-03-16T23:44:47","date_gmt":"2020-03-16T20:44:47","guid":{"rendered":"http:\/\/kentyasam.com.tr\/wp\/?p=65708"},"modified":"2020-09-14T12:22:36","modified_gmt":"2020-09-14T09:22:36","slug":"aybala-yenturk","status":"publish","type":"page","link":"https:\/\/kentyasam.com.tr\/wp\/yazarlarimiz__trashed\/aybala-yenturk\/","title":{"rendered":"Aybala Yent\u00fcrk"},"content":{"rendered":"\n<p>1967 y\u0131l\u0131nda \u0130zmir&#8217;de d\u00fcnyaya geldi. Babas\u0131n\u0131n g\u00f6revi nedeniyle ya\u015fad\u0131\u011f\u0131 iki y\u0131ll\u0131k Paris ser\u00fcveni d\u0131\u015f\u0131nda \u0130zmir&#8217;den hi\u00e7 ayr\u0131lmad\u0131. 1990 y\u0131l\u0131nda Ege \u00dcniversitesi G\u0131da M\u00fchendisli\u011fi B\u00f6l\u00fcm\u00fc&#8217;nden mezun oldu. 10 y\u0131l sekt\u00f6rde \u00e7al\u0131\u015ft\u0131ktan sonra, hayat\u0131n\u0131n b\u00fcy\u00fck bir b\u00f6l\u00fcm\u00fcn\u00fc adad\u0131\u011f\u0131 koleksiyon ve ara\u015ft\u0131rmalar\u0131na daha fazla vakit ay\u0131rabilmek i\u00e7in 2003 y\u0131l\u0131nda \u00e7al\u0131\u015fma ya\u015fam\u0131na son verdi. Bir\u00e7ok TV belgesel, sergi dan\u0131\u015fmanl\u0131klar\u0131n\u0131n yan\u0131 s\u0131ra ara\u015ft\u0131rmalar\u0131n\u0131 de\u011fi\u015fik dergilerde yay\u0131nlad\u0131. Osmanl\u0131 kozmetolojisi, \u0130zmir kent tarihi ve yeme i\u00e7me k\u00fclt\u00fcr\u00fc ba\u015fl\u0131klar\u0131nda koleksiyon ve ara\u015ft\u0131rmalar\u0131 bulunan yazar\u0131n uzun zamand\u0131r en b\u00fcy\u00fck keyfi bilinmezlerin, unutulmu\u015flar\u0131n izini s\u00fcrmek ve zaman\u0131 geldi\u011finde payla\u015fmak&#8230;&nbsp;<\/p>\n<h3>Related Images:<\/h3>","protected":false},"excerpt":{"rendered":"<div class=\"mh-excerpt\"><p>Sihirli D\u00fckkan<\/p>\n<\/div>","protected":false},"author":1,"featured_media":66854,"parent":343,"menu_order":4,"comment_status":"closed","ping_status":"closed","template":"","meta":{"ngg_post_thumbnail":0,"footnotes":""},"_links":{"self":[{"href":"https:\/\/kentyasam.com.tr\/wp\/wp-json\/wp\/v2\/pages\/65708"}],"collection":[{"href":"https:\/\/kentyasam.com.tr\/wp\/wp-json\/wp\/v2\/pages"}],"about":[{"href":"https:\/\/kentyasam.com.tr\/wp\/wp-json\/wp\/v2\/types\/page"}],"author":[{"embeddable":true,"href":"https:\/\/kentyasam.com.tr\/wp\/wp-json\/wp\/v2\/users\/1"}],"replies":[{"embeddable":true,"href":"https:\/\/kentyasam.com.tr\/wp\/wp-json\/wp\/v2\/comments?post=65708"}],"version-history":[{"count":0,"href":"https:\/\/kentyasam.com.tr\/wp\/wp-json\/wp\/v2\/pages\/65708\/revisions"}],"up":[{"embeddable":true,"href":"https:\/\/kentyasam.com.tr\/wp\/wp-json\/wp\/v2\/pages\/343"}],"wp:featuredmedia":[{"embeddable":true,"href":"https:\/\/kentyasam.com.tr\/wp\/wp-json\/wp\/v2\/media\/66854"}],"wp:attachment":[{"href":"https:\/\/kentyasam.com.tr\/wp\/wp-json\/wp\/v2\/media?parent=65708"}],"curies":[{"name":"wp","href":"https:\/\/api.w.org\/{rel}","templated":true}]}}